{"id":10,"date":"2022-09-11T16:55:49","date_gmt":"2022-09-11T19:55:49","guid":{"rendered":"https:\/\/vincoflex.com\/carimbo-embalagem\/?page_id=10"},"modified":"2024-10-30T15:18:53","modified_gmt":"2024-10-30T18:18:53","slug":"reembolso_devolucoes","status":"publish","type":"page","link":"https:\/\/vincoflex.com\/carimbo-embalagem\/reembolso_devolucoes\/","title":{"rendered":"Reembolso e devolu\u00e7\u00f5es"},"content":{"rendered":"\t\t<div data-elementor-type=\"wp-page\" data-elementor-id=\"10\" class=\"elementor elementor-10\">\n\t\t\t\t<div class=\"elementor-element elementor-element-49448ec0 e-flex e-con-boxed wpr-particle-no wpr-jarallax-no wpr-parallax-no wpr-sticky-section-no e-con e-parent\" data-id=\"49448ec0\" data-element_type=\"container\" data-e-type=\"container\" data-settings=\"{&quot;background_background&quot;:&quot;classic&quot;}\">\n\t\t\t\t\t<div class=\"e-con-inner\">\n\t\t\t\t<div class=\"elementor-element elementor-element-2ae8c47 elementor-widget elementor-widget-heading\" data-id=\"2ae8c47\" data-element_type=\"widget\" data-e-type=\"widget\" data-widget_type=\"heading.default\">\n\t\t\t\t\t<h2 class=\"elementor-heading-title elementor-size-default\">Reembolso e Devolu\u00e7\u00f5es<\/h2>\t\t\t\t<\/div>\n\t\t\t\t<div class=\"elementor-element elementor-element-1bb4611d elementor-widget elementor-widget-text-editor\" data-id=\"1bb4611d\" data-element_type=\"widget\" data-e-type=\"widget\" data-widget_type=\"text-editor.default\">\n\t\t\t\t\t\t\t\t\t<p>Contrato v\u00e1lido a partir de setembro de 2022<\/p>\n<p>POL\u00cdTICA DE REEMBOLSO \u2014 Vincoflex &#8211; carimbos e embalagens<\/p>\n<p>Como solicitar uma devolu\u00e7\u00e3o por arrependimento:<br>Para o caso de arrependimento pela compra, ser\u00e1 aceita devolu\u00e7\u00e3o efetuada em at\u00e9 7 dias, contados da data do recebimento do pedido.<\/p><p>Para proceder \u00e0 devolu\u00e7\u00e3o, o cliente dever\u00e1 enviar um e-mail para vendas@vincoflex.com, informando seu nome completo e n\u00famero do pedido.<br>O reembolso ser\u00e1 realizado em at\u00e9 30 dias, contados da data do recebimento do produto devolvido, sem qualquer custo adicional, utilizando-se o mesmo m\u00e9todo de pagamento selecionado pelo cliente no momento da compra.<br>Como solicitar uma devolu\u00e7\u00e3o de produtos com defeito:<\/p>\n<p>Produtos com defeito de fabrica\u00e7\u00e3o:<br>Para o caso de itens com defeito de fabrica\u00e7\u00e3o, ser\u00e3o aceitas devolu\u00e7\u00f5es feitas em at\u00e9 30 dias, contados da data do recebimento do pedido.<br>O cliente dever\u00e1 enviar e-mail para vendas@vincoflex.com, informando seu nome completo, n\u00famero do pedido e informa\u00e7\u00f5es sobre o defeito de fabrica\u00e7\u00e3o (descri\u00e7\u00e3o com fotos ou v\u00eddeos).<br>O pedido ser\u00e1 analisado em at\u00e9 30 dias, contados da data de recebimento do(s) produto(s) restitu\u00eddo(s), sem qualquer custo adicional, e o valor ser\u00e1 reembolsado pelo mesmo m\u00e9todo de pagamento selecionado no momento da compra.<\/p>\n<p>Como devolver os produtos:<br>Em cumprimento ao C\u00f3digo de Prote\u00e7\u00e3o e Defesa do Consumidor (Lei n\u00ba 8.078\/90), os custos de envio da devolu\u00e7\u00e3o de produtos por direito de arrependimento ou itens com defeito de fabrica\u00e7\u00e3o ser\u00e3o tratados por log\u00edstica reversa, \u00e0s expensas do fornecedor.<br>O cliente receber\u00e1 um c\u00f3digo de autoriza\u00e7\u00e3o de postagem por e-mail, ap\u00f3s a sua solicita\u00e7\u00e3o de troca ou devolu\u00e7\u00e3o, e dever\u00e1 postar a mercadoria em uma ag\u00eancia dos Correios ou pontos de coletas informados na ocasi\u00e3o do evento.<\/p><p><br>N\u00e3o cobrimos os custos de embalagem, por isso, sugere-se a utiliza\u00e7\u00e3o da mesma embalagem de compra, ou de outra caixa que mantenha o produto suficientemente protegido durante o transporte.&nbsp;<span style=\"text-align: var(--text-align); font-size: 1rem;\">Caso voc\u00ea tenha qualquer d\u00favida sobre a nossa pol\u00edtica de reembolso e devolu\u00e7\u00e3o, por favor, entre em contato pelo e-mail vendas@vincoflex.com.<\/span><\/p>\t\t\t\t\t\t\t\t<\/div>\n\t\t\t\t\t<\/div>\n\t\t\t\t<\/div>\n\t\t\t\t<\/div>\n\t\t","protected":false},"excerpt":{"rendered":"<p>Reembolso e Devolu\u00e7\u00f5es Contrato v\u00e1lido a partir de setembro de 2022 POL\u00cdTICA DE REEMBOLSO \u2014 Vincoflex &#8211; carimbos e embalagens Como solicitar uma devolu\u00e7\u00e3o por arrependimento:Para o caso de arrependimento pela compra, ser\u00e1 aceita devolu\u00e7\u00e3o efetuada em at\u00e9 7 dias, contados da data do recebimento do pedido. Para proceder \u00e0 devolu\u00e7\u00e3o, o cliente dever\u00e1 enviar um e-mail para vendas@vincoflex.com, informando seu nome completo e n\u00famero do pedido.O reembolso ser\u00e1 realizado em at\u00e9 30 dias, contados da data do recebimento do produto devolvido, sem qualquer custo adicional, utilizando-se o mesmo m\u00e9todo de pagamento selecionado pelo cliente no momento da compra.Como solicitar uma devolu\u00e7\u00e3o de produtos com defeito: Produtos com defeito de fabrica\u00e7\u00e3o:Para o caso de itens com defeito de fabrica\u00e7\u00e3o, ser\u00e3o aceitas devolu\u00e7\u00f5es feitas em at\u00e9 30 dias, contados da data do recebimento do pedido.O cliente dever\u00e1 enviar e-mail para vendas@vincoflex.com, informando seu nome completo, n\u00famero do pedido e informa\u00e7\u00f5es sobre o defeito de fabrica\u00e7\u00e3o (descri\u00e7\u00e3o com fotos ou v\u00eddeos).O pedido ser\u00e1 analisado em at\u00e9 30 dias, contados da data de recebimento do(s) produto(s) restitu\u00eddo(s), sem qualquer custo adicional, e o valor ser\u00e1 reembolsado pelo mesmo m\u00e9todo de pagamento selecionado no momento da compra. Como devolver os produtos:Em cumprimento ao C\u00f3digo de Prote\u00e7\u00e3o e Defesa do Consumidor (Lei n\u00ba 8.078\/90), os custos de envio da devolu\u00e7\u00e3o de produtos por direito de arrependimento ou itens com defeito de fabrica\u00e7\u00e3o ser\u00e3o tratados por log\u00edstica reversa, \u00e0s expensas do fornecedor.O cliente receber\u00e1 um c\u00f3digo de autoriza\u00e7\u00e3o de postagem por e-mail, ap\u00f3s a sua solicita\u00e7\u00e3o de troca ou devolu\u00e7\u00e3o, e dever\u00e1 postar a mercadoria em uma ag\u00eancia dos Correios ou pontos de coletas informados na ocasi\u00e3o do evento. N\u00e3o cobrimos os custos de embalagem, por isso, sugere-se a utiliza\u00e7\u00e3o da mesma embalagem de compra, ou de outra caixa que mantenha o produto suficientemente protegido durante o transporte.&nbsp;Caso voc\u00ea tenha qualquer d\u00favida sobre a nossa pol\u00edtica de reembolso e devolu\u00e7\u00e3o, por favor, entre em contato pelo e-mail vendas@vincoflex.com.<\/p>\n","protected":false},"author":1,"featured_media":0,"parent":0,"menu_order":0,"comment_status":"closed","ping_status":"closed","template":"","meta":{"footnotes":""},"class_list":["post-10","page","type-page","status-publish","hentry"],"yoast_head":"<!-- This site is optimized with the Yoast SEO plugin v27.4 - https:\/\/yoast.com\/product\/yoast-seo-wordpress\/ -->\n<title>Reembolso e devolu\u00e7\u00f5es - Vincoflex - carimbo e embalagem<\/title>\n<meta name=\"robots\" content=\"index, follow, max-snippet:-1, max-image-preview:large, max-video-preview:-1\" \/>\n<link rel=\"canonical\" href=\"https:\/\/vincoflex.com\/carimbo-embalagem\/reembolso_devolucoes\/\" \/>\n<meta property=\"og:locale\" content=\"pt_BR\" \/>\n<meta property=\"og:type\" content=\"article\" \/>\n<meta property=\"og:title\" content=\"Reembolso e devolu\u00e7\u00f5es - Vincoflex - carimbo e embalagem\" \/>\n<meta property=\"og:description\" content=\"Reembolso e Devolu\u00e7\u00f5es Contrato v\u00e1lido a partir de setembro de 2022 POL\u00cdTICA DE REEMBOLSO \u2014 Vincoflex &#8211; carimbos e embalagens Como solicitar uma devolu\u00e7\u00e3o por arrependimento:Para o caso de arrependimento pela compra, ser\u00e1 aceita devolu\u00e7\u00e3o efetuada em at\u00e9 7 dias, contados da data do recebimento do pedido. Para proceder \u00e0 devolu\u00e7\u00e3o, o cliente dever\u00e1 enviar um e-mail para vendas@vincoflex.com, informando seu nome completo e n\u00famero do pedido.O reembolso ser\u00e1 realizado em at\u00e9 30 dias, contados da data do recebimento do produto devolvido, sem qualquer custo adicional, utilizando-se o mesmo m\u00e9todo de pagamento selecionado pelo cliente no momento da compra.Como solicitar uma devolu\u00e7\u00e3o de produtos com defeito: Produtos com defeito de fabrica\u00e7\u00e3o:Para o caso de itens com defeito de fabrica\u00e7\u00e3o, ser\u00e3o aceitas devolu\u00e7\u00f5es feitas em at\u00e9 30 dias, contados da data do recebimento do pedido.O cliente dever\u00e1 enviar e-mail para vendas@vincoflex.com, informando seu nome completo, n\u00famero do pedido e informa\u00e7\u00f5es sobre o defeito de fabrica\u00e7\u00e3o (descri\u00e7\u00e3o com fotos ou v\u00eddeos).O pedido ser\u00e1 analisado em at\u00e9 30 dias, contados da data de recebimento do(s) produto(s) restitu\u00eddo(s), sem qualquer custo adicional, e o valor ser\u00e1 reembolsado pelo mesmo m\u00e9todo de pagamento selecionado no momento da compra. Como devolver os produtos:Em cumprimento ao C\u00f3digo de Prote\u00e7\u00e3o e Defesa do Consumidor (Lei n\u00ba 8.078\/90), os custos de envio da devolu\u00e7\u00e3o de produtos por direito de arrependimento ou itens com defeito de fabrica\u00e7\u00e3o ser\u00e3o tratados por log\u00edstica reversa, \u00e0s expensas do fornecedor.O cliente receber\u00e1 um c\u00f3digo de autoriza\u00e7\u00e3o de postagem por e-mail, ap\u00f3s a sua solicita\u00e7\u00e3o de troca ou devolu\u00e7\u00e3o, e dever\u00e1 postar a mercadoria em uma ag\u00eancia dos Correios ou pontos de coletas informados na ocasi\u00e3o do evento. N\u00e3o cobrimos os custos de embalagem, por isso, sugere-se a utiliza\u00e7\u00e3o da mesma embalagem de compra, ou de outra caixa que mantenha o produto suficientemente protegido durante o transporte.&nbsp;Caso voc\u00ea tenha qualquer d\u00favida sobre a nossa pol\u00edtica de reembolso e devolu\u00e7\u00e3o, por favor, entre em contato pelo e-mail vendas@vincoflex.com.\" \/>\n<meta property=\"og:url\" content=\"https:\/\/vincoflex.com\/carimbo-embalagem\/reembolso_devolucoes\/\" \/>\n<meta property=\"og:site_name\" content=\"Vincoflex - carimbo e embalagem\" \/>\n<meta property=\"article:publisher\" content=\"https:\/\/www.facebook.com\/Vincoflexcomcarimbos-110303377084317\" \/>\n<meta property=\"article:modified_time\" content=\"2024-10-30T18:18:53+00:00\" \/>\n<meta name=\"twitter:card\" content=\"summary_large_image\" \/>\n<meta name=\"twitter:site\" content=\"@vincoflex\" \/>\n<meta name=\"twitter:label1\" content=\"Est. tempo de leitura\" \/>\n\t<meta name=\"twitter:data1\" content=\"2 minutos\" \/>\n<script type=\"application\/ld+json\" class=\"yoast-schema-graph\">{\"@context\":\"https:\\\/\\\/schema.org\",\"@graph\":[{\"@type\":\"WebPage\",\"@id\":\"https:\\\/\\\/vincoflex.com\\\/carimbo-embalagem\\\/reembolso_devolucoes\\\/\",\"url\":\"https:\\\/\\\/vincoflex.com\\\/carimbo-embalagem\\\/reembolso_devolucoes\\\/\",\"name\":\"Reembolso e devolu\u00e7\u00f5es - Vincoflex - carimbo e embalagem\",\"isPartOf\":{\"@id\":\"https:\\\/\\\/vincoflex.com\\\/carimbo-embalagem\\\/#website\"},\"datePublished\":\"2022-09-11T19:55:49+00:00\",\"dateModified\":\"2024-10-30T18:18:53+00:00\",\"breadcrumb\":{\"@id\":\"https:\\\/\\\/vincoflex.com\\\/carimbo-embalagem\\\/reembolso_devolucoes\\\/#breadcrumb\"},\"inLanguage\":\"pt-BR\",\"potentialAction\":[{\"@type\":\"ReadAction\",\"target\":[\"https:\\\/\\\/vincoflex.com\\\/carimbo-embalagem\\\/reembolso_devolucoes\\\/\"]}]},{\"@type\":\"BreadcrumbList\",\"@id\":\"https:\\\/\\\/vincoflex.com\\\/carimbo-embalagem\\\/reembolso_devolucoes\\\/#breadcrumb\",\"itemListElement\":[{\"@type\":\"ListItem\",\"position\":1,\"name\":\"In\u00edcio\",\"item\":\"https:\\\/\\\/vincoflex.com\\\/carimbo-embalagem\\\/\"},{\"@type\":\"ListItem\",\"position\":2,\"name\":\"Reembolso e devolu\u00e7\u00f5es\"}]},{\"@type\":\"WebSite\",\"@id\":\"https:\\\/\\\/vincoflex.com\\\/carimbo-embalagem\\\/#website\",\"url\":\"https:\\\/\\\/vincoflex.com\\\/carimbo-embalagem\\\/\",\"name\":\"Vincoflex - carimbo e embalagem\",\"description\":\"Com\u00e9rcio de embalagens e produ\u00e7\u00e3o de carimbos personalizados\",\"publisher\":{\"@id\":\"https:\\\/\\\/vincoflex.com\\\/carimbo-embalagem\\\/#organization\"},\"potentialAction\":[{\"@type\":\"SearchAction\",\"target\":{\"@type\":\"EntryPoint\",\"urlTemplate\":\"https:\\\/\\\/vincoflex.com\\\/carimbo-embalagem\\\/?s={search_term_string}\"},\"query-input\":{\"@type\":\"PropertyValueSpecification\",\"valueRequired\":true,\"valueName\":\"search_term_string\"}}],\"inLanguage\":\"pt-BR\"},{\"@type\":\"Organization\",\"@id\":\"https:\\\/\\\/vincoflex.com\\\/carimbo-embalagem\\\/#organization\",\"name\":\"Vincoflex - carimbo e embalagem\",\"url\":\"https:\\\/\\\/vincoflex.com\\\/carimbo-embalagem\\\/\",\"logo\":{\"@type\":\"ImageObject\",\"inLanguage\":\"pt-BR\",\"@id\":\"https:\\\/\\\/vincoflex.com\\\/carimbo-embalagem\\\/#\\\/schema\\\/logo\\\/image\\\/\",\"url\":\"https:\\\/\\\/vincoflex.com\\\/carimbo-embalagem\\\/wp-content\\\/uploads\\\/2022\\\/08\\\/logo-transparente.png\",\"contentUrl\":\"https:\\\/\\\/vincoflex.com\\\/carimbo-embalagem\\\/wp-content\\\/uploads\\\/2022\\\/08\\\/logo-transparente.png\",\"width\":2048,\"height\":402,\"caption\":\"Vincoflex - carimbo e embalagem\"},\"image\":{\"@id\":\"https:\\\/\\\/vincoflex.com\\\/carimbo-embalagem\\\/#\\\/schema\\\/logo\\\/image\\\/\"},\"sameAs\":[\"https:\\\/\\\/www.facebook.com\\\/Vincoflexcomcarimbos-110303377084317\",\"https:\\\/\\\/x.com\\\/vincoflex\"]}]}<\/script>\n<!-- \/ Yoast SEO plugin. -->","yoast_head_json":{"title":"Reembolso e devolu\u00e7\u00f5es - Vincoflex - carimbo e embalagem","robots":{"index":"index","follow":"follow","max-snippet":"max-snippet:-1","max-image-preview":"max-image-preview:large","max-video-preview":"max-video-preview:-1"},"canonical":"https:\/\/vincoflex.com\/carimbo-embalagem\/reembolso_devolucoes\/","og_locale":"pt_BR","og_type":"article","og_title":"Reembolso e devolu\u00e7\u00f5es - Vincoflex - carimbo e embalagem","og_description":"Reembolso e Devolu\u00e7\u00f5es Contrato v\u00e1lido a partir de setembro de 2022 POL\u00cdTICA DE REEMBOLSO \u2014 Vincoflex &#8211; carimbos e embalagens Como solicitar uma devolu\u00e7\u00e3o por arrependimento:Para o caso de arrependimento pela compra, ser\u00e1 aceita devolu\u00e7\u00e3o efetuada em at\u00e9 7 dias, contados da data do recebimento do pedido. Para proceder \u00e0 devolu\u00e7\u00e3o, o cliente dever\u00e1 enviar um e-mail para vendas@vincoflex.com, informando seu nome completo e n\u00famero do pedido.O reembolso ser\u00e1 realizado em at\u00e9 30 dias, contados da data do recebimento do produto devolvido, sem qualquer custo adicional, utilizando-se o mesmo m\u00e9todo de pagamento selecionado pelo cliente no momento da compra.Como solicitar uma devolu\u00e7\u00e3o de produtos com defeito: Produtos com defeito de fabrica\u00e7\u00e3o:Para o caso de itens com defeito de fabrica\u00e7\u00e3o, ser\u00e3o aceitas devolu\u00e7\u00f5es feitas em at\u00e9 30 dias, contados da data do recebimento do pedido.O cliente dever\u00e1 enviar e-mail para vendas@vincoflex.com, informando seu nome completo, n\u00famero do pedido e informa\u00e7\u00f5es sobre o defeito de fabrica\u00e7\u00e3o (descri\u00e7\u00e3o com fotos ou v\u00eddeos).O pedido ser\u00e1 analisado em at\u00e9 30 dias, contados da data de recebimento do(s) produto(s) restitu\u00eddo(s), sem qualquer custo adicional, e o valor ser\u00e1 reembolsado pelo mesmo m\u00e9todo de pagamento selecionado no momento da compra. Como devolver os produtos:Em cumprimento ao C\u00f3digo de Prote\u00e7\u00e3o e Defesa do Consumidor (Lei n\u00ba 8.078\/90), os custos de envio da devolu\u00e7\u00e3o de produtos por direito de arrependimento ou itens com defeito de fabrica\u00e7\u00e3o ser\u00e3o tratados por log\u00edstica reversa, \u00e0s expensas do fornecedor.O cliente receber\u00e1 um c\u00f3digo de autoriza\u00e7\u00e3o de postagem por e-mail, ap\u00f3s a sua solicita\u00e7\u00e3o de troca ou devolu\u00e7\u00e3o, e dever\u00e1 postar a mercadoria em uma ag\u00eancia dos Correios ou pontos de coletas informados na ocasi\u00e3o do evento. N\u00e3o cobrimos os custos de embalagem, por isso, sugere-se a utiliza\u00e7\u00e3o da mesma embalagem de compra, ou de outra caixa que mantenha o produto suficientemente protegido durante o transporte.&nbsp;Caso voc\u00ea tenha qualquer d\u00favida sobre a nossa pol\u00edtica de reembolso e devolu\u00e7\u00e3o, por favor, entre em contato pelo e-mail vendas@vincoflex.com.","og_url":"https:\/\/vincoflex.com\/carimbo-embalagem\/reembolso_devolucoes\/","og_site_name":"Vincoflex - carimbo e embalagem","article_publisher":"https:\/\/www.facebook.com\/Vincoflexcomcarimbos-110303377084317","article_modified_time":"2024-10-30T18:18:53+00:00","twitter_card":"summary_large_image","twitter_site":"@vincoflex","twitter_misc":{"Est. tempo de leitura":"2 minutos"},"schema":{"@context":"https:\/\/schema.org","@graph":[{"@type":"WebPage","@id":"https:\/\/vincoflex.com\/carimbo-embalagem\/reembolso_devolucoes\/","url":"https:\/\/vincoflex.com\/carimbo-embalagem\/reembolso_devolucoes\/","name":"Reembolso e devolu\u00e7\u00f5es - Vincoflex - carimbo e embalagem","isPartOf":{"@id":"https:\/\/vincoflex.com\/carimbo-embalagem\/#website"},"datePublished":"2022-09-11T19:55:49+00:00","dateModified":"2024-10-30T18:18:53+00:00","breadcrumb":{"@id":"https:\/\/vincoflex.com\/carimbo-embalagem\/reembolso_devolucoes\/#breadcrumb"},"inLanguage":"pt-BR","potentialAction":[{"@type":"ReadAction","target":["https:\/\/vincoflex.com\/carimbo-embalagem\/reembolso_devolucoes\/"]}]},{"@type":"BreadcrumbList","@id":"https:\/\/vincoflex.com\/carimbo-embalagem\/reembolso_devolucoes\/#breadcrumb","itemListElement":[{"@type":"ListItem","position":1,"name":"In\u00edcio","item":"https:\/\/vincoflex.com\/carimbo-embalagem\/"},{"@type":"ListItem","position":2,"name":"Reembolso e devolu\u00e7\u00f5es"}]},{"@type":"WebSite","@id":"https:\/\/vincoflex.com\/carimbo-embalagem\/#website","url":"https:\/\/vincoflex.com\/carimbo-embalagem\/","name":"Vincoflex - carimbo e embalagem","description":"Com\u00e9rcio de embalagens e produ\u00e7\u00e3o de carimbos personalizados","publisher":{"@id":"https:\/\/vincoflex.com\/carimbo-embalagem\/#organization"},"potentialAction":[{"@type":"SearchAction","target":{"@type":"EntryPoint","urlTemplate":"https:\/\/vincoflex.com\/carimbo-embalagem\/?s={search_term_string}"},"query-input":{"@type":"PropertyValueSpecification","valueRequired":true,"valueName":"search_term_string"}}],"inLanguage":"pt-BR"},{"@type":"Organization","@id":"https:\/\/vincoflex.com\/carimbo-embalagem\/#organization","name":"Vincoflex - carimbo e embalagem","url":"https:\/\/vincoflex.com\/carimbo-embalagem\/","logo":{"@type":"ImageObject","inLanguage":"pt-BR","@id":"https:\/\/vincoflex.com\/carimbo-embalagem\/#\/schema\/logo\/image\/","url":"https:\/\/vincoflex.com\/carimbo-embalagem\/wp-content\/uploads\/2022\/08\/logo-transparente.png","contentUrl":"https:\/\/vincoflex.com\/carimbo-embalagem\/wp-content\/uploads\/2022\/08\/logo-transparente.png","width":2048,"height":402,"caption":"Vincoflex - carimbo e embalagem"},"image":{"@id":"https:\/\/vincoflex.com\/carimbo-embalagem\/#\/schema\/logo\/image\/"},"sameAs":["https:\/\/www.facebook.com\/Vincoflexcomcarimbos-110303377084317","https:\/\/x.com\/vincoflex"]}]}},"_links":{"self":[{"href":"https:\/\/vincoflex.com\/carimbo-embalagem\/wp-json\/wp\/v2\/pages\/10","targetHints":{"allow":["GET"]}}],"collection":[{"href":"https:\/\/vincoflex.com\/carimbo-embalagem\/wp-json\/wp\/v2\/pages"}],"about":[{"href":"https:\/\/vincoflex.com\/carimbo-embalagem\/wp-json\/wp\/v2\/types\/page"}],"author":[{"embeddable":true,"href":"https:\/\/vincoflex.com\/carimbo-embalagem\/wp-json\/wp\/v2\/users\/1"}],"replies":[{"embeddable":true,"href":"https:\/\/vincoflex.com\/carimbo-embalagem\/wp-json\/wp\/v2\/comments?post=10"}],"version-history":[{"count":12,"href":"https:\/\/vincoflex.com\/carimbo-embalagem\/wp-json\/wp\/v2\/pages\/10\/revisions"}],"predecessor-version":[{"id":8395,"href":"https:\/\/vincoflex.com\/carimbo-embalagem\/wp-json\/wp\/v2\/pages\/10\/revisions\/8395"}],"wp:attachment":[{"href":"https:\/\/vincoflex.com\/carimbo-embalagem\/wp-json\/wp\/v2\/media?parent=10"}],"curies":[{"name":"wp","href":"https:\/\/api.w.org\/{rel}","templated":true}]}}