{"id":39,"date":"2017-12-17T10:02:10","date_gmt":"2017-12-17T10:02:10","guid":{"rendered":"https:\/\/vincoflex.com\/carimbo-embalagem\/cart\/"},"modified":"2025-04-19T12:53:56","modified_gmt":"2025-04-19T15:53:56","slug":"carrinho","status":"publish","type":"page","link":"https:\/\/vincoflex.com\/carimbo-embalagem\/carrinho\/","title":{"rendered":"Carrinho"},"content":{"rendered":"\t\t<div data-elementor-type=\"wp-page\" data-elementor-id=\"39\" class=\"elementor elementor-39\">\n\t\t\t\t<div class=\"elementor-element elementor-element-5134653e e-flex e-con-boxed wpr-particle-no wpr-jarallax-no wpr-parallax-no wpr-sticky-section-no e-con e-parent\" data-id=\"5134653e\" data-element_type=\"container\" data-e-type=\"container\">\n\t\t\t\t\t<div class=\"e-con-inner\">\n\t\t\t\t<div class=\"elementor-element elementor-element-1889dbb9 elementor-widget elementor-widget-shortcode\" data-id=\"1889dbb9\" data-element_type=\"widget\" data-e-type=\"widget\" data-widget_type=\"shortcode.default\">\n\t\t\t\t\t\t\t<div class=\"elementor-shortcode\"><\/div>\n\t\t\t\t\t\t<\/div>\n\t\t\t\t\t<\/div>\n\t\t\t\t<\/div>\n\t\t\t\t<\/div>\n\t\t","protected":false},"excerpt":{"rendered":"","protected":false},"author":1,"featured_media":0,"parent":0,"menu_order":0,"comment_status":"closed","ping_status":"closed","template":"elementor_header_footer","meta":{"footnotes":""},"class_list":["post-39","page","type-page","status-publish","hentry"],"yoast_head":"<!-- This site is optimized with the Yoast SEO plugin v27.4 - https:\/\/yoast.com\/product\/yoast-seo-wordpress\/ -->\n<title>Carrinho - Vincoflex - carimbo e embalagem<\/title>\n<meta name=\"robots\" content=\"index, follow, max-snippet:-1, max-image-preview:large, max-video-preview:-1\" \/>\n<link rel=\"canonical\" href=\"https:\/\/vincoflex.com\/carimbo-embalagem\/carrinho\/\" \/>\n<meta property=\"og:locale\" content=\"pt_BR\" \/>\n<meta property=\"og:type\" content=\"article\" \/>\n<meta property=\"og:title\" content=\"Carrinho - Vincoflex - carimbo e embalagem\" \/>\n<meta property=\"og:url\" content=\"https:\/\/vincoflex.com\/carimbo-embalagem\/carrinho\/\" \/>\n<meta property=\"og:site_name\" content=\"Vincoflex - carimbo e embalagem\" \/>\n<meta property=\"article:publisher\" content=\"https:\/\/www.facebook.com\/Vincoflexcomcarimbos-110303377084317\" \/>\n<meta property=\"article:modified_time\" content=\"2025-04-19T15:53:56+00:00\" \/>\n<meta name=\"twitter:card\" content=\"summary_large_image\" \/>\n<meta name=\"twitter:site\" content=\"@vincoflex\" \/>\n<script type=\"application\/ld+json\" class=\"yoast-schema-graph\">{\"@context\":\"https:\\\/\\\/schema.org\",\"@graph\":[{\"@type\":\"WebPage\",\"@id\":\"https:\\\/\\\/vincoflex.com\\\/carimbo-embalagem\\\/carrinho\\\/\",\"url\":\"https:\\\/\\\/vincoflex.com\\\/carimbo-embalagem\\\/carrinho\\\/\",\"name\":\"Carrinho - Vincoflex - carimbo e embalagem\",\"isPartOf\":{\"@id\":\"https:\\\/\\\/vincoflex.com\\\/carimbo-embalagem\\\/#website\"},\"datePublished\":\"2017-12-17T10:02:10+00:00\",\"dateModified\":\"2025-04-19T15:53:56+00:00\",\"breadcrumb\":{\"@id\":\"https:\\\/\\\/vincoflex.com\\\/carimbo-embalagem\\\/carrinho\\\/#breadcrumb\"},\"inLanguage\":\"pt-BR\",\"potentialAction\":[{\"@type\":\"ReadAction\",\"target\":[\"https:\\\/\\\/vincoflex.com\\\/carimbo-embalagem\\\/carrinho\\\/\"]}]},{\"@type\":\"BreadcrumbList\",\"@id\":\"https:\\\/\\\/vincoflex.com\\\/carimbo-embalagem\\\/carrinho\\\/#breadcrumb\",\"itemListElement\":[{\"@type\":\"ListItem\",\"position\":1,\"name\":\"In\u00edcio\",\"item\":\"https:\\\/\\\/vincoflex.com\\\/carimbo-embalagem\\\/\"},{\"@type\":\"ListItem\",\"position\":2,\"name\":\"Carrinho\"}]},{\"@type\":\"WebSite\",\"@id\":\"https:\\\/\\\/vincoflex.com\\\/carimbo-embalagem\\\/#website\",\"url\":\"https:\\\/\\\/vincoflex.com\\\/carimbo-embalagem\\\/\",\"name\":\"Vincoflex - carimbo e embalagem\",\"description\":\"Com\u00e9rcio de embalagens e produ\u00e7\u00e3o de carimbos personalizados\",\"publisher\":{\"@id\":\"https:\\\/\\\/vincoflex.com\\\/carimbo-embalagem\\\/#organization\"},\"potentialAction\":[{\"@type\":\"SearchAction\",\"target\":{\"@type\":\"EntryPoint\",\"urlTemplate\":\"https:\\\/\\\/vincoflex.com\\\/carimbo-embalagem\\\/?s={search_term_string}\"},\"query-input\":{\"@type\":\"PropertyValueSpecification\",\"valueRequired\":true,\"valueName\":\"search_term_string\"}}],\"inLanguage\":\"pt-BR\"},{\"@type\":\"Organization\",\"@id\":\"https:\\\/\\\/vincoflex.com\\\/carimbo-embalagem\\\/#organization\",\"name\":\"Vincoflex - carimbo e embalagem\",\"url\":\"https:\\\/\\\/vincoflex.com\\\/carimbo-embalagem\\\/\",\"logo\":{\"@type\":\"ImageObject\",\"inLanguage\":\"pt-BR\",\"@id\":\"https:\\\/\\\/vincoflex.com\\\/carimbo-embalagem\\\/#\\\/schema\\\/logo\\\/image\\\/\",\"url\":\"https:\\\/\\\/vincoflex.com\\\/carimbo-embalagem\\\/wp-content\\\/uploads\\\/2022\\\/08\\\/logo-transparente.png\",\"contentUrl\":\"https:\\\/\\\/vincoflex.com\\\/carimbo-embalagem\\\/wp-content\\\/uploads\\\/2022\\\/08\\\/logo-transparente.png\",\"width\":2048,\"height\":402,\"caption\":\"Vincoflex - carimbo e embalagem\"},\"image\":{\"@id\":\"https:\\\/\\\/vincoflex.com\\\/carimbo-embalagem\\\/#\\\/schema\\\/logo\\\/image\\\/\"},\"sameAs\":[\"https:\\\/\\\/www.facebook.com\\\/Vincoflexcomcarimbos-110303377084317\",\"https:\\\/\\\/x.com\\\/vincoflex\"]}]}<\/script>\n<!-- \/ Yoast SEO plugin. -->","yoast_head_json":{"title":"Carrinho - Vincoflex - carimbo e embalagem","robots":{"index":"index","follow":"follow","max-snippet":"max-snippet:-1","max-image-preview":"max-image-preview:large","max-video-preview":"max-video-preview:-1"},"canonical":"https:\/\/vincoflex.com\/carimbo-embalagem\/carrinho\/","og_locale":"pt_BR","og_type":"article","og_title":"Carrinho - Vincoflex - carimbo e embalagem","og_url":"https:\/\/vincoflex.com\/carimbo-embalagem\/carrinho\/","og_site_name":"Vincoflex - carimbo e embalagem","article_publisher":"https:\/\/www.facebook.com\/Vincoflexcomcarimbos-110303377084317","article_modified_time":"2025-04-19T15:53:56+00:00","twitter_card":"summary_large_image","twitter_site":"@vincoflex","schema":{"@context":"https:\/\/schema.org","@graph":[{"@type":"WebPage","@id":"https:\/\/vincoflex.com\/carimbo-embalagem\/carrinho\/","url":"https:\/\/vincoflex.com\/carimbo-embalagem\/carrinho\/","name":"Carrinho - Vincoflex - carimbo e embalagem","isPartOf":{"@id":"https:\/\/vincoflex.com\/carimbo-embalagem\/#website"},"datePublished":"2017-12-17T10:02:10+00:00","dateModified":"2025-04-19T15:53:56+00:00","breadcrumb":{"@id":"https:\/\/vincoflex.com\/carimbo-embalagem\/carrinho\/#breadcrumb"},"inLanguage":"pt-BR","potentialAction":[{"@type":"ReadAction","target":["https:\/\/vincoflex.com\/carimbo-embalagem\/carrinho\/"]}]},{"@type":"BreadcrumbList","@id":"https:\/\/vincoflex.com\/carimbo-embalagem\/carrinho\/#breadcrumb","itemListElement":[{"@type":"ListItem","position":1,"name":"In\u00edcio","item":"https:\/\/vincoflex.com\/carimbo-embalagem\/"},{"@type":"ListItem","position":2,"name":"Carrinho"}]},{"@type":"WebSite","@id":"https:\/\/vincoflex.com\/carimbo-embalagem\/#website","url":"https:\/\/vincoflex.com\/carimbo-embalagem\/","name":"Vincoflex - carimbo e embalagem","description":"Com\u00e9rcio de embalagens e produ\u00e7\u00e3o de carimbos personalizados","publisher":{"@id":"https:\/\/vincoflex.com\/carimbo-embalagem\/#organization"},"potentialAction":[{"@type":"SearchAction","target":{"@type":"EntryPoint","urlTemplate":"https:\/\/vincoflex.com\/carimbo-embalagem\/?s={search_term_string}"},"query-input":{"@type":"PropertyValueSpecification","valueRequired":true,"valueName":"search_term_string"}}],"inLanguage":"pt-BR"},{"@type":"Organization","@id":"https:\/\/vincoflex.com\/carimbo-embalagem\/#organization","name":"Vincoflex - carimbo e embalagem","url":"https:\/\/vincoflex.com\/carimbo-embalagem\/","logo":{"@type":"ImageObject","inLanguage":"pt-BR","@id":"https:\/\/vincoflex.com\/carimbo-embalagem\/#\/schema\/logo\/image\/","url":"https:\/\/vincoflex.com\/carimbo-embalagem\/wp-content\/uploads\/2022\/08\/logo-transparente.png","contentUrl":"https:\/\/vincoflex.com\/carimbo-embalagem\/wp-content\/uploads\/2022\/08\/logo-transparente.png","width":2048,"height":402,"caption":"Vincoflex - carimbo e embalagem"},"image":{"@id":"https:\/\/vincoflex.com\/carimbo-embalagem\/#\/schema\/logo\/image\/"},"sameAs":["https:\/\/www.facebook.com\/Vincoflexcomcarimbos-110303377084317","https:\/\/x.com\/vincoflex"]}]}},"_links":{"self":[{"href":"https:\/\/vincoflex.com\/carimbo-embalagem\/wp-json\/wp\/v2\/pages\/39","targetHints":{"allow":["GET"]}}],"collection":[{"href":"https:\/\/vincoflex.com\/carimbo-embalagem\/wp-json\/wp\/v2\/pages"}],"about":[{"href":"https:\/\/vincoflex.com\/carimbo-embalagem\/wp-json\/wp\/v2\/types\/page"}],"author":[{"embeddable":true,"href":"https:\/\/vincoflex.com\/carimbo-embalagem\/wp-json\/wp\/v2\/users\/1"}],"replies":[{"embeddable":true,"href":"https:\/\/vincoflex.com\/carimbo-embalagem\/wp-json\/wp\/v2\/comments?post=39"}],"version-history":[{"count":28,"href":"https:\/\/vincoflex.com\/carimbo-embalagem\/wp-json\/wp\/v2\/pages\/39\/revisions"}],"predecessor-version":[{"id":8451,"href":"https:\/\/vincoflex.com\/carimbo-embalagem\/wp-json\/wp\/v2\/pages\/39\/revisions\/8451"}],"wp:attachment":[{"href":"https:\/\/vincoflex.com\/carimbo-embalagem\/wp-json\/wp\/v2\/media?parent=39"}],"curies":[{"name":"wp","href":"https:\/\/api.w.org\/{rel}","templated":true}]}}