{"id":5294,"date":"2022-08-29T22:15:16","date_gmt":"2022-08-30T01:15:16","guid":{"rendered":"https:\/\/vincoflex.com\/carimbo-embalagem\/?page_id=5294"},"modified":"2024-10-26T13:50:52","modified_gmt":"2024-10-26T16:50:52","slug":"sobre-nos","status":"publish","type":"page","link":"https:\/\/vincoflex.com\/carimbo-embalagem\/sobre-nos\/","title":{"rendered":"Sobre n\u00f3s"},"content":{"rendered":"\t\t<div data-elementor-type=\"wp-page\" data-elementor-id=\"5294\" class=\"elementor elementor-5294\">\n\t\t\t\t<div class=\"elementor-element elementor-element-2d1bcf82 e-flex e-con-boxed wpr-particle-no wpr-jarallax-no wpr-parallax-no wpr-sticky-section-no e-con e-parent\" data-id=\"2d1bcf82\" data-element_type=\"container\" data-e-type=\"container\" data-settings=\"{&quot;background_background&quot;:&quot;classic&quot;}\">\n\t\t\t\t\t<div class=\"e-con-inner\">\n\t\t\t\t<div class=\"elementor-element elementor-element-63c4fb3 elementor-widget elementor-widget-heading\" data-id=\"63c4fb3\" data-element_type=\"widget\" data-e-type=\"widget\" data-widget_type=\"heading.default\">\n\t\t\t\t\t<h2 class=\"elementor-heading-title elementor-size-default\">Sobre N\u00f3s<\/h2>\t\t\t\t<\/div>\n\t\t\t\t<div class=\"elementor-element elementor-element-a567cb4 elementor-widget elementor-widget-text-editor\" data-id=\"a567cb4\" data-element_type=\"widget\" data-e-type=\"widget\" data-widget_type=\"text-editor.default\">\n\t\t\t\t\t\t\t\t\tEspecializados no ramo de embalagens, tomamos a decis\u00e3o de investir na produ\u00e7\u00e3o de carimbos para impress\u00e3o de pequenas tiragens.\r\n\r\nO principal foco aqui \u00e9 proporcionar que pequenos prestadores de servi\u00e7os e comerciantes possam personalizar suas embalagens: sacolas ou caixas de papel\u00e3o.\r\n\r\nNossos carimbos s\u00e3o produzidos com grande esmero e qualidade, e a nossa principal meta \u00e9 deixar nossos clientes plenamente satisfeitos.\t\t\t\t\t\t\t\t<\/div>\n\t\t\t\t\t<\/div>\n\t\t\t\t<\/div>\n\t\t\t\t<\/div>\n\t\t","protected":false},"excerpt":{"rendered":"<p>Sobre N\u00f3s Especializados no ramo de embalagens, tomamos a decis\u00e3o de investir na produ\u00e7\u00e3o de carimbos para impress\u00e3o de pequenas tiragens. O principal foco aqui \u00e9 proporcionar que pequenos prestadores de servi\u00e7os e comerciantes possam personalizar suas embalagens: sacolas ou caixas de papel\u00e3o. Nossos carimbos s\u00e3o produzidos com grande esmero e qualidade, e a nossa principal meta \u00e9 deixar nossos clientes plenamente satisfeitos.<\/p>\n","protected":false},"author":1,"featured_media":0,"parent":0,"menu_order":0,"comment_status":"closed","ping_status":"closed","template":"","meta":{"footnotes":""},"class_list":["post-5294","page","type-page","status-publish","hentry"],"yoast_head":"<!-- This site is optimized with the Yoast SEO plugin v27.4 - https:\/\/yoast.com\/product\/yoast-seo-wordpress\/ -->\n<title>Sobre n\u00f3s - Vincoflex - carimbo e embalagem<\/title>\n<meta name=\"robots\" content=\"index, follow, max-snippet:-1, max-image-preview:large, max-video-preview:-1\" \/>\n<link rel=\"canonical\" href=\"https:\/\/vincoflex.com\/carimbo-embalagem\/sobre-nos\/\" \/>\n<meta property=\"og:locale\" content=\"pt_BR\" \/>\n<meta property=\"og:type\" content=\"article\" \/>\n<meta property=\"og:title\" content=\"Sobre n\u00f3s - Vincoflex - carimbo e embalagem\" \/>\n<meta property=\"og:description\" content=\"Sobre N\u00f3s Especializados no ramo de embalagens, tomamos a decis\u00e3o de investir na produ\u00e7\u00e3o de carimbos para impress\u00e3o de pequenas tiragens. O principal foco aqui \u00e9 proporcionar que pequenos prestadores de servi\u00e7os e comerciantes possam personalizar suas embalagens: sacolas ou caixas de papel\u00e3o. Nossos carimbos s\u00e3o produzidos com grande esmero e qualidade, e a nossa principal meta \u00e9 deixar nossos clientes plenamente satisfeitos.\" \/>\n<meta property=\"og:url\" content=\"https:\/\/vincoflex.com\/carimbo-embalagem\/sobre-nos\/\" \/>\n<meta property=\"og:site_name\" content=\"Vincoflex - carimbo e embalagem\" \/>\n<meta property=\"article:publisher\" content=\"https:\/\/www.facebook.com\/Vincoflexcomcarimbos-110303377084317\" \/>\n<meta property=\"article:modified_time\" content=\"2024-10-26T16:50:52+00:00\" \/>\n<meta name=\"twitter:card\" content=\"summary_large_image\" \/>\n<meta name=\"twitter:site\" content=\"@vincoflex\" \/>\n<meta name=\"twitter:label1\" content=\"Est. tempo de leitura\" \/>\n\t<meta name=\"twitter:data1\" content=\"1 minuto\" \/>\n<script type=\"application\/ld+json\" class=\"yoast-schema-graph\">{\"@context\":\"https:\\\/\\\/schema.org\",\"@graph\":[{\"@type\":\"WebPage\",\"@id\":\"https:\\\/\\\/vincoflex.com\\\/carimbo-embalagem\\\/sobre-nos\\\/\",\"url\":\"https:\\\/\\\/vincoflex.com\\\/carimbo-embalagem\\\/sobre-nos\\\/\",\"name\":\"Sobre n\u00f3s - Vincoflex - carimbo e embalagem\",\"isPartOf\":{\"@id\":\"https:\\\/\\\/vincoflex.com\\\/carimbo-embalagem\\\/#website\"},\"datePublished\":\"2022-08-30T01:15:16+00:00\",\"dateModified\":\"2024-10-26T16:50:52+00:00\",\"breadcrumb\":{\"@id\":\"https:\\\/\\\/vincoflex.com\\\/carimbo-embalagem\\\/sobre-nos\\\/#breadcrumb\"},\"inLanguage\":\"pt-BR\",\"potentialAction\":[{\"@type\":\"ReadAction\",\"target\":[\"https:\\\/\\\/vincoflex.com\\\/carimbo-embalagem\\\/sobre-nos\\\/\"]}]},{\"@type\":\"BreadcrumbList\",\"@id\":\"https:\\\/\\\/vincoflex.com\\\/carimbo-embalagem\\\/sobre-nos\\\/#breadcrumb\",\"itemListElement\":[{\"@type\":\"ListItem\",\"position\":1,\"name\":\"In\u00edcio\",\"item\":\"https:\\\/\\\/vincoflex.com\\\/carimbo-embalagem\\\/\"},{\"@type\":\"ListItem\",\"position\":2,\"name\":\"Sobre n\u00f3s\"}]},{\"@type\":\"WebSite\",\"@id\":\"https:\\\/\\\/vincoflex.com\\\/carimbo-embalagem\\\/#website\",\"url\":\"https:\\\/\\\/vincoflex.com\\\/carimbo-embalagem\\\/\",\"name\":\"Vincoflex - carimbo e embalagem\",\"description\":\"Com\u00e9rcio de embalagens e produ\u00e7\u00e3o de carimbos personalizados\",\"publisher\":{\"@id\":\"https:\\\/\\\/vincoflex.com\\\/carimbo-embalagem\\\/#organization\"},\"potentialAction\":[{\"@type\":\"SearchAction\",\"target\":{\"@type\":\"EntryPoint\",\"urlTemplate\":\"https:\\\/\\\/vincoflex.com\\\/carimbo-embalagem\\\/?s={search_term_string}\"},\"query-input\":{\"@type\":\"PropertyValueSpecification\",\"valueRequired\":true,\"valueName\":\"search_term_string\"}}],\"inLanguage\":\"pt-BR\"},{\"@type\":\"Organization\",\"@id\":\"https:\\\/\\\/vincoflex.com\\\/carimbo-embalagem\\\/#organization\",\"name\":\"Vincoflex - carimbo e embalagem\",\"url\":\"https:\\\/\\\/vincoflex.com\\\/carimbo-embalagem\\\/\",\"logo\":{\"@type\":\"ImageObject\",\"inLanguage\":\"pt-BR\",\"@id\":\"https:\\\/\\\/vincoflex.com\\\/carimbo-embalagem\\\/#\\\/schema\\\/logo\\\/image\\\/\",\"url\":\"https:\\\/\\\/vincoflex.com\\\/carimbo-embalagem\\\/wp-content\\\/uploads\\\/2022\\\/08\\\/logo-transparente.png\",\"contentUrl\":\"https:\\\/\\\/vincoflex.com\\\/carimbo-embalagem\\\/wp-content\\\/uploads\\\/2022\\\/08\\\/logo-transparente.png\",\"width\":2048,\"height\":402,\"caption\":\"Vincoflex - carimbo e embalagem\"},\"image\":{\"@id\":\"https:\\\/\\\/vincoflex.com\\\/carimbo-embalagem\\\/#\\\/schema\\\/logo\\\/image\\\/\"},\"sameAs\":[\"https:\\\/\\\/www.facebook.com\\\/Vincoflexcomcarimbos-110303377084317\",\"https:\\\/\\\/x.com\\\/vincoflex\"]}]}<\/script>\n<!-- \/ Yoast SEO plugin. -->","yoast_head_json":{"title":"Sobre n\u00f3s - Vincoflex - carimbo e embalagem","robots":{"index":"index","follow":"follow","max-snippet":"max-snippet:-1","max-image-preview":"max-image-preview:large","max-video-preview":"max-video-preview:-1"},"canonical":"https:\/\/vincoflex.com\/carimbo-embalagem\/sobre-nos\/","og_locale":"pt_BR","og_type":"article","og_title":"Sobre n\u00f3s - Vincoflex - carimbo e embalagem","og_description":"Sobre N\u00f3s Especializados no ramo de embalagens, tomamos a decis\u00e3o de investir na produ\u00e7\u00e3o de carimbos para impress\u00e3o de pequenas tiragens. O principal foco aqui \u00e9 proporcionar que pequenos prestadores de servi\u00e7os e comerciantes possam personalizar suas embalagens: sacolas ou caixas de papel\u00e3o. Nossos carimbos s\u00e3o produzidos com grande esmero e qualidade, e a nossa principal meta \u00e9 deixar nossos clientes plenamente satisfeitos.","og_url":"https:\/\/vincoflex.com\/carimbo-embalagem\/sobre-nos\/","og_site_name":"Vincoflex - carimbo e embalagem","article_publisher":"https:\/\/www.facebook.com\/Vincoflexcomcarimbos-110303377084317","article_modified_time":"2024-10-26T16:50:52+00:00","twitter_card":"summary_large_image","twitter_site":"@vincoflex","twitter_misc":{"Est. tempo de leitura":"1 minuto"},"schema":{"@context":"https:\/\/schema.org","@graph":[{"@type":"WebPage","@id":"https:\/\/vincoflex.com\/carimbo-embalagem\/sobre-nos\/","url":"https:\/\/vincoflex.com\/carimbo-embalagem\/sobre-nos\/","name":"Sobre n\u00f3s - Vincoflex - carimbo e embalagem","isPartOf":{"@id":"https:\/\/vincoflex.com\/carimbo-embalagem\/#website"},"datePublished":"2022-08-30T01:15:16+00:00","dateModified":"2024-10-26T16:50:52+00:00","breadcrumb":{"@id":"https:\/\/vincoflex.com\/carimbo-embalagem\/sobre-nos\/#breadcrumb"},"inLanguage":"pt-BR","potentialAction":[{"@type":"ReadAction","target":["https:\/\/vincoflex.com\/carimbo-embalagem\/sobre-nos\/"]}]},{"@type":"BreadcrumbList","@id":"https:\/\/vincoflex.com\/carimbo-embalagem\/sobre-nos\/#breadcrumb","itemListElement":[{"@type":"ListItem","position":1,"name":"In\u00edcio","item":"https:\/\/vincoflex.com\/carimbo-embalagem\/"},{"@type":"ListItem","position":2,"name":"Sobre n\u00f3s"}]},{"@type":"WebSite","@id":"https:\/\/vincoflex.com\/carimbo-embalagem\/#website","url":"https:\/\/vincoflex.com\/carimbo-embalagem\/","name":"Vincoflex - carimbo e embalagem","description":"Com\u00e9rcio de embalagens e produ\u00e7\u00e3o de carimbos personalizados","publisher":{"@id":"https:\/\/vincoflex.com\/carimbo-embalagem\/#organization"},"potentialAction":[{"@type":"SearchAction","target":{"@type":"EntryPoint","urlTemplate":"https:\/\/vincoflex.com\/carimbo-embalagem\/?s={search_term_string}"},"query-input":{"@type":"PropertyValueSpecification","valueRequired":true,"valueName":"search_term_string"}}],"inLanguage":"pt-BR"},{"@type":"Organization","@id":"https:\/\/vincoflex.com\/carimbo-embalagem\/#organization","name":"Vincoflex - carimbo e embalagem","url":"https:\/\/vincoflex.com\/carimbo-embalagem\/","logo":{"@type":"ImageObject","inLanguage":"pt-BR","@id":"https:\/\/vincoflex.com\/carimbo-embalagem\/#\/schema\/logo\/image\/","url":"https:\/\/vincoflex.com\/carimbo-embalagem\/wp-content\/uploads\/2022\/08\/logo-transparente.png","contentUrl":"https:\/\/vincoflex.com\/carimbo-embalagem\/wp-content\/uploads\/2022\/08\/logo-transparente.png","width":2048,"height":402,"caption":"Vincoflex - carimbo e embalagem"},"image":{"@id":"https:\/\/vincoflex.com\/carimbo-embalagem\/#\/schema\/logo\/image\/"},"sameAs":["https:\/\/www.facebook.com\/Vincoflexcomcarimbos-110303377084317","https:\/\/x.com\/vincoflex"]}]}},"_links":{"self":[{"href":"https:\/\/vincoflex.com\/carimbo-embalagem\/wp-json\/wp\/v2\/pages\/5294","targetHints":{"allow":["GET"]}}],"collection":[{"href":"https:\/\/vincoflex.com\/carimbo-embalagem\/wp-json\/wp\/v2\/pages"}],"about":[{"href":"https:\/\/vincoflex.com\/carimbo-embalagem\/wp-json\/wp\/v2\/types\/page"}],"author":[{"embeddable":true,"href":"https:\/\/vincoflex.com\/carimbo-embalagem\/wp-json\/wp\/v2\/users\/1"}],"replies":[{"embeddable":true,"href":"https:\/\/vincoflex.com\/carimbo-embalagem\/wp-json\/wp\/v2\/comments?post=5294"}],"version-history":[{"count":3,"href":"https:\/\/vincoflex.com\/carimbo-embalagem\/wp-json\/wp\/v2\/pages\/5294\/revisions"}],"predecessor-version":[{"id":8086,"href":"https:\/\/vincoflex.com\/carimbo-embalagem\/wp-json\/wp\/v2\/pages\/5294\/revisions\/8086"}],"wp:attachment":[{"href":"https:\/\/vincoflex.com\/carimbo-embalagem\/wp-json\/wp\/v2\/media?parent=5294"}],"curies":[{"name":"wp","href":"https:\/\/api.w.org\/{rel}","templated":true}]}}