{"id":4158,"date":"2022-08-06T19:45:00","date_gmt":"2022-08-06T22:45:00","guid":{"rendered":"https:\/\/vincoflex.com\/carimbo-embalagem\/?post_type=product&#038;p=4158"},"modified":"2025-05-27T13:37:15","modified_gmt":"2025-05-27T16:37:15","slug":"almofada-de-carimbo-16x16-cm","status":"publish","type":"product","link":"https:\/\/vincoflex.com\/carimbo-embalagem\/produto\/almofada-de-carimbo-16x16-cm\/","title":{"rendered":"Almofada de carimbo 16 x16 cm"},"content":{"rendered":"<p>As almofadas de carimbo ou carimbeiras de tamanho grande s\u00e3o produzidas com madeira (MDF). O corpo da almofada (tampa e fundo) \u00e9 conectado com dobradi\u00e7a. S\u00e3o produzidas uma a uma de forma artesanal e seguem com um frasco de tinta preta. Composi\u00e7\u00e3o: madeira MDF, material impermeabilizante no fundo, espuma de m\u00e9dia densidade com 4 mm e tecido tricoline branco.<\/p>\n<p>Junto com cada almofada de carimbo v\u00e3o instru\u00e7\u00f5es b\u00e1sicas de prepara\u00e7\u00e3o para o primeiro uso.<\/p>\n<p>Todas as almofadas de carimbo seguem acompanhadas de um frasco de tinta preta com 40 ml.<\/p>\n","protected":false},"excerpt":{"rendered":"<p>Almofada de carimbo especial grande.<\/p>\n","protected":false},"featured_media":5382,"comment_status":"open","ping_status":"closed","template":"","meta":[],"product_brand":[],"product_cat":[64],"product_tag":[72,76,73,74,75],"class_list":{"0":"post-4158","1":"product","2":"type-product","3":"status-publish","4":"has-post-thumbnail","6":"product_cat-almofadas-de-carimbo","7":"product_tag-almofada-de-carimbo","8":"product_tag-almofada-de-carimbo-grande","9":"product_tag-almofada-de-tinta","10":"product_tag-carimbeira","11":"product_tag-carimbeira-grande","13":"first","14":"instock","15":"featured","16":"shipping-taxable","17":"purchasable","18":"product-type-simple"},"yoast_head":"<!-- This site is optimized with the Yoast SEO plugin v27.4 - https:\/\/yoast.com\/product\/yoast-seo-wordpress\/ -->\n<title>Almofada de carimbo 16 x16 cm - Vincoflex - carimbo e embalagem<\/title>\n<meta name=\"robots\" content=\"index, follow, max-snippet:-1, max-image-preview:large, max-video-preview:-1\" \/>\n<link rel=\"canonical\" href=\"https:\/\/vincoflex.com\/carimbo-embalagem\/produto\/almofada-de-carimbo-16x16-cm\/\" \/>\n<meta property=\"og:locale\" content=\"pt_BR\" \/>\n<meta property=\"og:type\" content=\"article\" \/>\n<meta property=\"og:title\" content=\"Almofada de carimbo 16 x16 cm - Vincoflex - carimbo e embalagem\" \/>\n<meta property=\"og:description\" content=\"Almofada de carimbo especial grande.\" \/>\n<meta property=\"og:url\" content=\"https:\/\/vincoflex.com\/carimbo-embalagem\/produto\/almofada-de-carimbo-16x16-cm\/\" \/>\n<meta property=\"og:site_name\" content=\"Vincoflex - carimbo e embalagem\" \/>\n<meta property=\"article:publisher\" content=\"https:\/\/www.facebook.com\/Vincoflexcomcarimbos-110303377084317\" \/>\n<meta property=\"article:modified_time\" content=\"2025-05-27T16:37:15+00:00\" \/>\n<meta property=\"og:image\" content=\"https:\/\/vincoflex.com\/carimbo-embalagem\/wp-content\/uploads\/2022\/09\/carimbeira-G.png\" \/>\n\t<meta property=\"og:image:width\" content=\"800\" \/>\n\t<meta property=\"og:image:height\" content=\"660\" \/>\n\t<meta property=\"og:image:type\" content=\"image\/png\" \/>\n<meta name=\"twitter:card\" content=\"summary_large_image\" \/>\n<meta name=\"twitter:site\" content=\"@vincoflex\" \/>\n<meta name=\"twitter:label1\" content=\"Est. tempo de leitura\" \/>\n\t<meta name=\"twitter:data1\" content=\"1 minuto\" \/>\n<script type=\"application\/ld+json\" class=\"yoast-schema-graph\">{\"@context\":\"https:\\\/\\\/schema.org\",\"@graph\":[{\"@type\":\"WebPage\",\"@id\":\"https:\\\/\\\/vincoflex.com\\\/carimbo-embalagem\\\/produto\\\/almofada-de-carimbo-16x16-cm\\\/\",\"url\":\"https:\\\/\\\/vincoflex.com\\\/carimbo-embalagem\\\/produto\\\/almofada-de-carimbo-16x16-cm\\\/\",\"name\":\"Almofada de carimbo 16 x16 cm - Vincoflex - carimbo e embalagem\",\"isPartOf\":{\"@id\":\"https:\\\/\\\/vincoflex.com\\\/carimbo-embalagem\\\/#website\"},\"primaryImageOfPage\":{\"@id\":\"https:\\\/\\\/vincoflex.com\\\/carimbo-embalagem\\\/produto\\\/almofada-de-carimbo-16x16-cm\\\/#primaryimage\"},\"image\":{\"@id\":\"https:\\\/\\\/vincoflex.com\\\/carimbo-embalagem\\\/produto\\\/almofada-de-carimbo-16x16-cm\\\/#primaryimage\"},\"thumbnailUrl\":\"https:\\\/\\\/vincoflex.com\\\/carimbo-embalagem\\\/wp-content\\\/uploads\\\/2022\\\/09\\\/carimbeira-G.png\",\"datePublished\":\"2022-08-06T22:45:00+00:00\",\"dateModified\":\"2025-05-27T16:37:15+00:00\",\"breadcrumb\":{\"@id\":\"https:\\\/\\\/vincoflex.com\\\/carimbo-embalagem\\\/produto\\\/almofada-de-carimbo-16x16-cm\\\/#breadcrumb\"},\"inLanguage\":\"pt-BR\",\"potentialAction\":[{\"@type\":\"ReadAction\",\"target\":[\"https:\\\/\\\/vincoflex.com\\\/carimbo-embalagem\\\/produto\\\/almofada-de-carimbo-16x16-cm\\\/\"]}]},{\"@type\":\"ImageObject\",\"inLanguage\":\"pt-BR\",\"@id\":\"https:\\\/\\\/vincoflex.com\\\/carimbo-embalagem\\\/produto\\\/almofada-de-carimbo-16x16-cm\\\/#primaryimage\",\"url\":\"https:\\\/\\\/vincoflex.com\\\/carimbo-embalagem\\\/wp-content\\\/uploads\\\/2022\\\/09\\\/carimbeira-G.png\",\"contentUrl\":\"https:\\\/\\\/vincoflex.com\\\/carimbo-embalagem\\\/wp-content\\\/uploads\\\/2022\\\/09\\\/carimbeira-G.png\",\"width\":800,\"height\":660,\"caption\":\"carimbeira g\"},{\"@type\":\"BreadcrumbList\",\"@id\":\"https:\\\/\\\/vincoflex.com\\\/carimbo-embalagem\\\/produto\\\/almofada-de-carimbo-16x16-cm\\\/#breadcrumb\",\"itemListElement\":[{\"@type\":\"ListItem\",\"position\":1,\"name\":\"In\u00edcio\",\"item\":\"https:\\\/\\\/vincoflex.com\\\/carimbo-embalagem\\\/\"},{\"@type\":\"ListItem\",\"position\":2,\"name\":\"Loja\",\"item\":\"https:\\\/\\\/vincoflex.com\\\/carimbo-embalagem\\\/loja\\\/\"},{\"@type\":\"ListItem\",\"position\":3,\"name\":\"Almofada de carimbo 16 x16 cm\"}]},{\"@type\":\"WebSite\",\"@id\":\"https:\\\/\\\/vincoflex.com\\\/carimbo-embalagem\\\/#website\",\"url\":\"https:\\\/\\\/vincoflex.com\\\/carimbo-embalagem\\\/\",\"name\":\"Vincoflex - carimbo e embalagem\",\"description\":\"Com\u00e9rcio de embalagens e produ\u00e7\u00e3o de carimbos personalizados\",\"publisher\":{\"@id\":\"https:\\\/\\\/vincoflex.com\\\/carimbo-embalagem\\\/#organization\"},\"potentialAction\":[{\"@type\":\"SearchAction\",\"target\":{\"@type\":\"EntryPoint\",\"urlTemplate\":\"https:\\\/\\\/vincoflex.com\\\/carimbo-embalagem\\\/?s={search_term_string}\"},\"query-input\":{\"@type\":\"PropertyValueSpecification\",\"valueRequired\":true,\"valueName\":\"search_term_string\"}}],\"inLanguage\":\"pt-BR\"},{\"@type\":\"Organization\",\"@id\":\"https:\\\/\\\/vincoflex.com\\\/carimbo-embalagem\\\/#organization\",\"name\":\"Vincoflex - carimbo e embalagem\",\"url\":\"https:\\\/\\\/vincoflex.com\\\/carimbo-embalagem\\\/\",\"logo\":{\"@type\":\"ImageObject\",\"inLanguage\":\"pt-BR\",\"@id\":\"https:\\\/\\\/vincoflex.com\\\/carimbo-embalagem\\\/#\\\/schema\\\/logo\\\/image\\\/\",\"url\":\"https:\\\/\\\/vincoflex.com\\\/carimbo-embalagem\\\/wp-content\\\/uploads\\\/2022\\\/08\\\/logo-transparente.png\",\"contentUrl\":\"https:\\\/\\\/vincoflex.com\\\/carimbo-embalagem\\\/wp-content\\\/uploads\\\/2022\\\/08\\\/logo-transparente.png\",\"width\":2048,\"height\":402,\"caption\":\"Vincoflex - carimbo e embalagem\"},\"image\":{\"@id\":\"https:\\\/\\\/vincoflex.com\\\/carimbo-embalagem\\\/#\\\/schema\\\/logo\\\/image\\\/\"},\"sameAs\":[\"https:\\\/\\\/www.facebook.com\\\/Vincoflexcomcarimbos-110303377084317\",\"https:\\\/\\\/x.com\\\/vincoflex\"]}]}<\/script>\n<!-- \/ Yoast SEO plugin. -->","yoast_head_json":{"title":"Almofada de carimbo 16 x16 cm - Vincoflex - carimbo e embalagem","robots":{"index":"index","follow":"follow","max-snippet":"max-snippet:-1","max-image-preview":"max-image-preview:large","max-video-preview":"max-video-preview:-1"},"canonical":"https:\/\/vincoflex.com\/carimbo-embalagem\/produto\/almofada-de-carimbo-16x16-cm\/","og_locale":"pt_BR","og_type":"article","og_title":"Almofada de carimbo 16 x16 cm - Vincoflex - carimbo e embalagem","og_description":"Almofada de carimbo especial grande.","og_url":"https:\/\/vincoflex.com\/carimbo-embalagem\/produto\/almofada-de-carimbo-16x16-cm\/","og_site_name":"Vincoflex - carimbo e embalagem","article_publisher":"https:\/\/www.facebook.com\/Vincoflexcomcarimbos-110303377084317","article_modified_time":"2025-05-27T16:37:15+00:00","og_image":[{"width":800,"height":660,"url":"https:\/\/vincoflex.com\/carimbo-embalagem\/wp-content\/uploads\/2022\/09\/carimbeira-G.png","type":"image\/png"}],"twitter_card":"summary_large_image","twitter_site":"@vincoflex","twitter_misc":{"Est. tempo de leitura":"1 minuto"},"schema":{"@context":"https:\/\/schema.org","@graph":[{"@type":"WebPage","@id":"https:\/\/vincoflex.com\/carimbo-embalagem\/produto\/almofada-de-carimbo-16x16-cm\/","url":"https:\/\/vincoflex.com\/carimbo-embalagem\/produto\/almofada-de-carimbo-16x16-cm\/","name":"Almofada de carimbo 16 x16 cm - Vincoflex - carimbo e embalagem","isPartOf":{"@id":"https:\/\/vincoflex.com\/carimbo-embalagem\/#website"},"primaryImageOfPage":{"@id":"https:\/\/vincoflex.com\/carimbo-embalagem\/produto\/almofada-de-carimbo-16x16-cm\/#primaryimage"},"image":{"@id":"https:\/\/vincoflex.com\/carimbo-embalagem\/produto\/almofada-de-carimbo-16x16-cm\/#primaryimage"},"thumbnailUrl":"https:\/\/vincoflex.com\/carimbo-embalagem\/wp-content\/uploads\/2022\/09\/carimbeira-G.png","datePublished":"2022-08-06T22:45:00+00:00","dateModified":"2025-05-27T16:37:15+00:00","breadcrumb":{"@id":"https:\/\/vincoflex.com\/carimbo-embalagem\/produto\/almofada-de-carimbo-16x16-cm\/#breadcrumb"},"inLanguage":"pt-BR","potentialAction":[{"@type":"ReadAction","target":["https:\/\/vincoflex.com\/carimbo-embalagem\/produto\/almofada-de-carimbo-16x16-cm\/"]}]},{"@type":"ImageObject","inLanguage":"pt-BR","@id":"https:\/\/vincoflex.com\/carimbo-embalagem\/produto\/almofada-de-carimbo-16x16-cm\/#primaryimage","url":"https:\/\/vincoflex.com\/carimbo-embalagem\/wp-content\/uploads\/2022\/09\/carimbeira-G.png","contentUrl":"https:\/\/vincoflex.com\/carimbo-embalagem\/wp-content\/uploads\/2022\/09\/carimbeira-G.png","width":800,"height":660,"caption":"carimbeira g"},{"@type":"BreadcrumbList","@id":"https:\/\/vincoflex.com\/carimbo-embalagem\/produto\/almofada-de-carimbo-16x16-cm\/#breadcrumb","itemListElement":[{"@type":"ListItem","position":1,"name":"In\u00edcio","item":"https:\/\/vincoflex.com\/carimbo-embalagem\/"},{"@type":"ListItem","position":2,"name":"Loja","item":"https:\/\/vincoflex.com\/carimbo-embalagem\/loja\/"},{"@type":"ListItem","position":3,"name":"Almofada de carimbo 16 x16 cm"}]},{"@type":"WebSite","@id":"https:\/\/vincoflex.com\/carimbo-embalagem\/#website","url":"https:\/\/vincoflex.com\/carimbo-embalagem\/","name":"Vincoflex - carimbo e embalagem","description":"Com\u00e9rcio de embalagens e produ\u00e7\u00e3o de carimbos personalizados","publisher":{"@id":"https:\/\/vincoflex.com\/carimbo-embalagem\/#organization"},"potentialAction":[{"@type":"SearchAction","target":{"@type":"EntryPoint","urlTemplate":"https:\/\/vincoflex.com\/carimbo-embalagem\/?s={search_term_string}"},"query-input":{"@type":"PropertyValueSpecification","valueRequired":true,"valueName":"search_term_string"}}],"inLanguage":"pt-BR"},{"@type":"Organization","@id":"https:\/\/vincoflex.com\/carimbo-embalagem\/#organization","name":"Vincoflex - carimbo e embalagem","url":"https:\/\/vincoflex.com\/carimbo-embalagem\/","logo":{"@type":"ImageObject","inLanguage":"pt-BR","@id":"https:\/\/vincoflex.com\/carimbo-embalagem\/#\/schema\/logo\/image\/","url":"https:\/\/vincoflex.com\/carimbo-embalagem\/wp-content\/uploads\/2022\/08\/logo-transparente.png","contentUrl":"https:\/\/vincoflex.com\/carimbo-embalagem\/wp-content\/uploads\/2022\/08\/logo-transparente.png","width":2048,"height":402,"caption":"Vincoflex - carimbo e embalagem"},"image":{"@id":"https:\/\/vincoflex.com\/carimbo-embalagem\/#\/schema\/logo\/image\/"},"sameAs":["https:\/\/www.facebook.com\/Vincoflexcomcarimbos-110303377084317","https:\/\/x.com\/vincoflex"]}]}},"_links":{"self":[{"href":"https:\/\/vincoflex.com\/carimbo-embalagem\/wp-json\/wp\/v2\/product\/4158","targetHints":{"allow":["GET"]}}],"collection":[{"href":"https:\/\/vincoflex.com\/carimbo-embalagem\/wp-json\/wp\/v2\/product"}],"about":[{"href":"https:\/\/vincoflex.com\/carimbo-embalagem\/wp-json\/wp\/v2\/types\/product"}],"replies":[{"embeddable":true,"href":"https:\/\/vincoflex.com\/carimbo-embalagem\/wp-json\/wp\/v2\/comments?post=4158"}],"version-history":[{"count":1,"href":"https:\/\/vincoflex.com\/carimbo-embalagem\/wp-json\/wp\/v2\/product\/4158\/revisions"}],"predecessor-version":[{"id":8369,"href":"https:\/\/vincoflex.com\/carimbo-embalagem\/wp-json\/wp\/v2\/product\/4158\/revisions\/8369"}],"wp:featuredmedia":[{"embeddable":true,"href":"https:\/\/vincoflex.com\/carimbo-embalagem\/wp-json\/wp\/v2\/media\/5382"}],"wp:attachment":[{"href":"https:\/\/vincoflex.com\/carimbo-embalagem\/wp-json\/wp\/v2\/media?parent=4158"}],"wp:term":[{"taxonomy":"product_brand","embeddable":true,"href":"https:\/\/vincoflex.com\/carimbo-embalagem\/wp-json\/wp\/v2\/product_brand?post=4158"},{"taxonomy":"product_cat","embeddable":true,"href":"https:\/\/vincoflex.com\/carimbo-embalagem\/wp-json\/wp\/v2\/product_cat?post=4158"},{"taxonomy":"product_tag","embeddable":true,"href":"https:\/\/vincoflex.com\/carimbo-embalagem\/wp-json\/wp\/v2\/product_tag?post=4158"}],"curies":[{"name":"wp","href":"https:\/\/api.w.org\/{rel}","templated":true}]}}