{"id":5426,"date":"2022-09-04T16:48:59","date_gmt":"2022-09-04T19:48:59","guid":{"rendered":"https:\/\/vincoflex.com\/carimbo-embalagem\/?post_type=product&#038;p=5426"},"modified":"2025-05-27T13:37:11","modified_gmt":"2025-05-27T16:37:11","slug":"kit-carimbo-personalizado-10-cm-com-almofada-16x16-cm","status":"publish","type":"product","link":"https:\/\/vincoflex.com\/carimbo-embalagem\/produto\/kit-carimbo-personalizado-10-cm-com-almofada-16x16-cm\/","title":{"rendered":"Kit carimbo personalizado 10 cm com almofada 16&#215;16 cm"},"content":{"rendered":"<p><strong>IMPORTANTE<\/strong>:<br \/>\nRegra a ser utilizada para carimbos adquiridos nesse kit.<br \/>\nUtilizaremos a regra a seguir principalmente para logotipos no sentido de preservar a propor\u00e7\u00e3o da imagem e evitar distor\u00e7\u00f5es. Sempre iremos considerar a medida escolhida do lado maior. Faremos isso com o prop\u00f3sito de manter a propor\u00e7\u00e3o exata da imagem enviada, ou seja, se o logotipo tiver forma retangular \u00e9 assim que ele ficar\u00e1, sempre respeitando o lado maior escolhido.<\/p>\n<p>EXEMPLO:<br \/>\nsupondo que seu carimbo tenha 15 cm no lado maior (largura ou altura), o outro lado poder\u00e1 poder\u00e1 ficar com: 1 cm, ou 2 cm, ou 3 cm \u2026\u2026\u2026. ou at\u00e9 o m\u00e1ximo de 15 cm.<\/p>\n<p>Carimbo grande personalizado ideal para imprimir pequenas quantidades de embalagens. Ideal para sacos e sacolas kraft e caixas de papel\u00e3o, mas \u00e9 importante que o papel ou papel\u00e3o tenham boa qualidade.<\/p>\n<p>Nosso m\u00e9todo de produ\u00e7\u00e3o garante excelente qualidade e durabilidade. Tenha um carimbo que exibe com nitidez at\u00e9 mesmo os pequenos detalhes.<br \/>\nCarimbo ideal para imprimir logomarcas, frases, material promocional e desenhos diversos.<\/p>\n","protected":false},"excerpt":{"rendered":"<p><span style=\"color: #ff0000;\"><strong><span style=\"color: #3366ff;\"><em>Tempo de personaliza\u00e7\u00e3o e produ\u00e7\u00e3o at\u00e9:<\/em><\/span>\u00a06 DIAS<\/strong><\/span><\/p>\n","protected":false},"featured_media":5385,"comment_status":"open","ping_status":"closed","template":"","meta":[],"product_brand":[],"product_cat":[60],"product_tag":[67,68,71,69],"class_list":{"0":"post-5426","1":"product","2":"type-product","3":"status-publish","4":"has-post-thumbnail","6":"product_cat-kit-carimbo-e-almofada","7":"product_tag-carimbo-grande","8":"product_tag-carimbo-grande-personalizado","9":"product_tag-carimbo-para-caixa-de-papelao","10":"product_tag-carimbo-personalizado","12":"first","13":"instock","14":"shipping-taxable","15":"purchasable","16":"product-type-simple"},"yoast_head":"<!-- This site is optimized with the Yoast SEO plugin v27.4 - https:\/\/yoast.com\/product\/yoast-seo-wordpress\/ -->\n<title>Kit carimbo personalizado 10 cm com almofada 16x16 cm - Vincoflex - carimbo e embalagem<\/title>\n<meta name=\"robots\" content=\"index, follow, max-snippet:-1, max-image-preview:large, max-video-preview:-1\" \/>\n<link rel=\"canonical\" href=\"https:\/\/vincoflex.com\/carimbo-embalagem\/produto\/kit-carimbo-personalizado-10-cm-com-almofada-16x16-cm\/\" \/>\n<meta property=\"og:locale\" content=\"pt_BR\" \/>\n<meta property=\"og:type\" content=\"article\" \/>\n<meta property=\"og:title\" content=\"Kit carimbo personalizado 10 cm com almofada 16x16 cm - Vincoflex - carimbo e embalagem\" \/>\n<meta property=\"og:description\" content=\"Tempo de personaliza\u00e7\u00e3o e produ\u00e7\u00e3o at\u00e9:\u00a06 DIAS\" \/>\n<meta property=\"og:url\" content=\"https:\/\/vincoflex.com\/carimbo-embalagem\/produto\/kit-carimbo-personalizado-10-cm-com-almofada-16x16-cm\/\" \/>\n<meta property=\"og:site_name\" content=\"Vincoflex - carimbo e embalagem\" \/>\n<meta property=\"article:publisher\" content=\"https:\/\/www.facebook.com\/Vincoflexcomcarimbos-110303377084317\" \/>\n<meta property=\"article:modified_time\" content=\"2025-05-27T16:37:11+00:00\" \/>\n<meta property=\"og:image\" content=\"https:\/\/vincoflex.com\/carimbo-embalagem\/wp-content\/uploads\/2022\/09\/kit-carimbo-e-carimbeira-1.png\" \/>\n\t<meta property=\"og:image:width\" content=\"800\" \/>\n\t<meta property=\"og:image:height\" content=\"653\" \/>\n\t<meta property=\"og:image:type\" content=\"image\/png\" \/>\n<meta name=\"twitter:card\" content=\"summary_large_image\" \/>\n<meta name=\"twitter:site\" content=\"@vincoflex\" \/>\n<meta name=\"twitter:label1\" content=\"Est. tempo de leitura\" \/>\n\t<meta name=\"twitter:data1\" content=\"2 minutos\" \/>\n<script type=\"application\/ld+json\" class=\"yoast-schema-graph\">{\"@context\":\"https:\\\/\\\/schema.org\",\"@graph\":[{\"@type\":\"WebPage\",\"@id\":\"https:\\\/\\\/vincoflex.com\\\/carimbo-embalagem\\\/produto\\\/kit-carimbo-personalizado-10-cm-com-almofada-16x16-cm\\\/\",\"url\":\"https:\\\/\\\/vincoflex.com\\\/carimbo-embalagem\\\/produto\\\/kit-carimbo-personalizado-10-cm-com-almofada-16x16-cm\\\/\",\"name\":\"Kit carimbo personalizado 10 cm com almofada 16x16 cm - Vincoflex - carimbo e embalagem\",\"isPartOf\":{\"@id\":\"https:\\\/\\\/vincoflex.com\\\/carimbo-embalagem\\\/#website\"},\"primaryImageOfPage\":{\"@id\":\"https:\\\/\\\/vincoflex.com\\\/carimbo-embalagem\\\/produto\\\/kit-carimbo-personalizado-10-cm-com-almofada-16x16-cm\\\/#primaryimage\"},\"image\":{\"@id\":\"https:\\\/\\\/vincoflex.com\\\/carimbo-embalagem\\\/produto\\\/kit-carimbo-personalizado-10-cm-com-almofada-16x16-cm\\\/#primaryimage\"},\"thumbnailUrl\":\"https:\\\/\\\/vincoflex.com\\\/carimbo-embalagem\\\/wp-content\\\/uploads\\\/2022\\\/09\\\/kit-carimbo-e-carimbeira-1.png\",\"datePublished\":\"2022-09-04T19:48:59+00:00\",\"dateModified\":\"2025-05-27T16:37:11+00:00\",\"breadcrumb\":{\"@id\":\"https:\\\/\\\/vincoflex.com\\\/carimbo-embalagem\\\/produto\\\/kit-carimbo-personalizado-10-cm-com-almofada-16x16-cm\\\/#breadcrumb\"},\"inLanguage\":\"pt-BR\",\"potentialAction\":[{\"@type\":\"ReadAction\",\"target\":[\"https:\\\/\\\/vincoflex.com\\\/carimbo-embalagem\\\/produto\\\/kit-carimbo-personalizado-10-cm-com-almofada-16x16-cm\\\/\"]}]},{\"@type\":\"ImageObject\",\"inLanguage\":\"pt-BR\",\"@id\":\"https:\\\/\\\/vincoflex.com\\\/carimbo-embalagem\\\/produto\\\/kit-carimbo-personalizado-10-cm-com-almofada-16x16-cm\\\/#primaryimage\",\"url\":\"https:\\\/\\\/vincoflex.com\\\/carimbo-embalagem\\\/wp-content\\\/uploads\\\/2022\\\/09\\\/kit-carimbo-e-carimbeira-1.png\",\"contentUrl\":\"https:\\\/\\\/vincoflex.com\\\/carimbo-embalagem\\\/wp-content\\\/uploads\\\/2022\\\/09\\\/kit-carimbo-e-carimbeira-1.png\",\"width\":800,\"height\":653,\"caption\":\"kit de carimbo e carimbeira\"},{\"@type\":\"BreadcrumbList\",\"@id\":\"https:\\\/\\\/vincoflex.com\\\/carimbo-embalagem\\\/produto\\\/kit-carimbo-personalizado-10-cm-com-almofada-16x16-cm\\\/#breadcrumb\",\"itemListElement\":[{\"@type\":\"ListItem\",\"position\":1,\"name\":\"In\u00edcio\",\"item\":\"https:\\\/\\\/vincoflex.com\\\/carimbo-embalagem\\\/\"},{\"@type\":\"ListItem\",\"position\":2,\"name\":\"Loja\",\"item\":\"https:\\\/\\\/vincoflex.com\\\/carimbo-embalagem\\\/loja\\\/\"},{\"@type\":\"ListItem\",\"position\":3,\"name\":\"Kit carimbo personalizado 10 cm com almofada 16&#215;16 cm\"}]},{\"@type\":\"WebSite\",\"@id\":\"https:\\\/\\\/vincoflex.com\\\/carimbo-embalagem\\\/#website\",\"url\":\"https:\\\/\\\/vincoflex.com\\\/carimbo-embalagem\\\/\",\"name\":\"Vincoflex - carimbo e embalagem\",\"description\":\"Com\u00e9rcio de embalagens e produ\u00e7\u00e3o de carimbos personalizados\",\"publisher\":{\"@id\":\"https:\\\/\\\/vincoflex.com\\\/carimbo-embalagem\\\/#organization\"},\"potentialAction\":[{\"@type\":\"SearchAction\",\"target\":{\"@type\":\"EntryPoint\",\"urlTemplate\":\"https:\\\/\\\/vincoflex.com\\\/carimbo-embalagem\\\/?s={search_term_string}\"},\"query-input\":{\"@type\":\"PropertyValueSpecification\",\"valueRequired\":true,\"valueName\":\"search_term_string\"}}],\"inLanguage\":\"pt-BR\"},{\"@type\":\"Organization\",\"@id\":\"https:\\\/\\\/vincoflex.com\\\/carimbo-embalagem\\\/#organization\",\"name\":\"Vincoflex - carimbo e embalagem\",\"url\":\"https:\\\/\\\/vincoflex.com\\\/carimbo-embalagem\\\/\",\"logo\":{\"@type\":\"ImageObject\",\"inLanguage\":\"pt-BR\",\"@id\":\"https:\\\/\\\/vincoflex.com\\\/carimbo-embalagem\\\/#\\\/schema\\\/logo\\\/image\\\/\",\"url\":\"https:\\\/\\\/vincoflex.com\\\/carimbo-embalagem\\\/wp-content\\\/uploads\\\/2022\\\/08\\\/logo-transparente.png\",\"contentUrl\":\"https:\\\/\\\/vincoflex.com\\\/carimbo-embalagem\\\/wp-content\\\/uploads\\\/2022\\\/08\\\/logo-transparente.png\",\"width\":2048,\"height\":402,\"caption\":\"Vincoflex - carimbo e embalagem\"},\"image\":{\"@id\":\"https:\\\/\\\/vincoflex.com\\\/carimbo-embalagem\\\/#\\\/schema\\\/logo\\\/image\\\/\"},\"sameAs\":[\"https:\\\/\\\/www.facebook.com\\\/Vincoflexcomcarimbos-110303377084317\",\"https:\\\/\\\/x.com\\\/vincoflex\"]}]}<\/script>\n<!-- \/ Yoast SEO plugin. -->","yoast_head_json":{"title":"Kit carimbo personalizado 10 cm com almofada 16x16 cm - Vincoflex - carimbo e embalagem","robots":{"index":"index","follow":"follow","max-snippet":"max-snippet:-1","max-image-preview":"max-image-preview:large","max-video-preview":"max-video-preview:-1"},"canonical":"https:\/\/vincoflex.com\/carimbo-embalagem\/produto\/kit-carimbo-personalizado-10-cm-com-almofada-16x16-cm\/","og_locale":"pt_BR","og_type":"article","og_title":"Kit carimbo personalizado 10 cm com almofada 16x16 cm - Vincoflex - carimbo e embalagem","og_description":"Tempo de personaliza\u00e7\u00e3o e produ\u00e7\u00e3o at\u00e9:\u00a06 DIAS","og_url":"https:\/\/vincoflex.com\/carimbo-embalagem\/produto\/kit-carimbo-personalizado-10-cm-com-almofada-16x16-cm\/","og_site_name":"Vincoflex - carimbo e embalagem","article_publisher":"https:\/\/www.facebook.com\/Vincoflexcomcarimbos-110303377084317","article_modified_time":"2025-05-27T16:37:11+00:00","og_image":[{"width":800,"height":653,"url":"https:\/\/vincoflex.com\/carimbo-embalagem\/wp-content\/uploads\/2022\/09\/kit-carimbo-e-carimbeira-1.png","type":"image\/png"}],"twitter_card":"summary_large_image","twitter_site":"@vincoflex","twitter_misc":{"Est. tempo de leitura":"2 minutos"},"schema":{"@context":"https:\/\/schema.org","@graph":[{"@type":"WebPage","@id":"https:\/\/vincoflex.com\/carimbo-embalagem\/produto\/kit-carimbo-personalizado-10-cm-com-almofada-16x16-cm\/","url":"https:\/\/vincoflex.com\/carimbo-embalagem\/produto\/kit-carimbo-personalizado-10-cm-com-almofada-16x16-cm\/","name":"Kit carimbo personalizado 10 cm com almofada 16x16 cm - Vincoflex - carimbo e embalagem","isPartOf":{"@id":"https:\/\/vincoflex.com\/carimbo-embalagem\/#website"},"primaryImageOfPage":{"@id":"https:\/\/vincoflex.com\/carimbo-embalagem\/produto\/kit-carimbo-personalizado-10-cm-com-almofada-16x16-cm\/#primaryimage"},"image":{"@id":"https:\/\/vincoflex.com\/carimbo-embalagem\/produto\/kit-carimbo-personalizado-10-cm-com-almofada-16x16-cm\/#primaryimage"},"thumbnailUrl":"https:\/\/vincoflex.com\/carimbo-embalagem\/wp-content\/uploads\/2022\/09\/kit-carimbo-e-carimbeira-1.png","datePublished":"2022-09-04T19:48:59+00:00","dateModified":"2025-05-27T16:37:11+00:00","breadcrumb":{"@id":"https:\/\/vincoflex.com\/carimbo-embalagem\/produto\/kit-carimbo-personalizado-10-cm-com-almofada-16x16-cm\/#breadcrumb"},"inLanguage":"pt-BR","potentialAction":[{"@type":"ReadAction","target":["https:\/\/vincoflex.com\/carimbo-embalagem\/produto\/kit-carimbo-personalizado-10-cm-com-almofada-16x16-cm\/"]}]},{"@type":"ImageObject","inLanguage":"pt-BR","@id":"https:\/\/vincoflex.com\/carimbo-embalagem\/produto\/kit-carimbo-personalizado-10-cm-com-almofada-16x16-cm\/#primaryimage","url":"https:\/\/vincoflex.com\/carimbo-embalagem\/wp-content\/uploads\/2022\/09\/kit-carimbo-e-carimbeira-1.png","contentUrl":"https:\/\/vincoflex.com\/carimbo-embalagem\/wp-content\/uploads\/2022\/09\/kit-carimbo-e-carimbeira-1.png","width":800,"height":653,"caption":"kit de carimbo e carimbeira"},{"@type":"BreadcrumbList","@id":"https:\/\/vincoflex.com\/carimbo-embalagem\/produto\/kit-carimbo-personalizado-10-cm-com-almofada-16x16-cm\/#breadcrumb","itemListElement":[{"@type":"ListItem","position":1,"name":"In\u00edcio","item":"https:\/\/vincoflex.com\/carimbo-embalagem\/"},{"@type":"ListItem","position":2,"name":"Loja","item":"https:\/\/vincoflex.com\/carimbo-embalagem\/loja\/"},{"@type":"ListItem","position":3,"name":"Kit carimbo personalizado 10 cm com almofada 16&#215;16 cm"}]},{"@type":"WebSite","@id":"https:\/\/vincoflex.com\/carimbo-embalagem\/#website","url":"https:\/\/vincoflex.com\/carimbo-embalagem\/","name":"Vincoflex - carimbo e embalagem","description":"Com\u00e9rcio de embalagens e produ\u00e7\u00e3o de carimbos personalizados","publisher":{"@id":"https:\/\/vincoflex.com\/carimbo-embalagem\/#organization"},"potentialAction":[{"@type":"SearchAction","target":{"@type":"EntryPoint","urlTemplate":"https:\/\/vincoflex.com\/carimbo-embalagem\/?s={search_term_string}"},"query-input":{"@type":"PropertyValueSpecification","valueRequired":true,"valueName":"search_term_string"}}],"inLanguage":"pt-BR"},{"@type":"Organization","@id":"https:\/\/vincoflex.com\/carimbo-embalagem\/#organization","name":"Vincoflex - carimbo e embalagem","url":"https:\/\/vincoflex.com\/carimbo-embalagem\/","logo":{"@type":"ImageObject","inLanguage":"pt-BR","@id":"https:\/\/vincoflex.com\/carimbo-embalagem\/#\/schema\/logo\/image\/","url":"https:\/\/vincoflex.com\/carimbo-embalagem\/wp-content\/uploads\/2022\/08\/logo-transparente.png","contentUrl":"https:\/\/vincoflex.com\/carimbo-embalagem\/wp-content\/uploads\/2022\/08\/logo-transparente.png","width":2048,"height":402,"caption":"Vincoflex - carimbo e embalagem"},"image":{"@id":"https:\/\/vincoflex.com\/carimbo-embalagem\/#\/schema\/logo\/image\/"},"sameAs":["https:\/\/www.facebook.com\/Vincoflexcomcarimbos-110303377084317","https:\/\/x.com\/vincoflex"]}]}},"_links":{"self":[{"href":"https:\/\/vincoflex.com\/carimbo-embalagem\/wp-json\/wp\/v2\/product\/5426","targetHints":{"allow":["GET"]}}],"collection":[{"href":"https:\/\/vincoflex.com\/carimbo-embalagem\/wp-json\/wp\/v2\/product"}],"about":[{"href":"https:\/\/vincoflex.com\/carimbo-embalagem\/wp-json\/wp\/v2\/types\/product"}],"replies":[{"embeddable":true,"href":"https:\/\/vincoflex.com\/carimbo-embalagem\/wp-json\/wp\/v2\/comments?post=5426"}],"version-history":[{"count":1,"href":"https:\/\/vincoflex.com\/carimbo-embalagem\/wp-json\/wp\/v2\/product\/5426\/revisions"}],"predecessor-version":[{"id":7827,"href":"https:\/\/vincoflex.com\/carimbo-embalagem\/wp-json\/wp\/v2\/product\/5426\/revisions\/7827"}],"wp:featuredmedia":[{"embeddable":true,"href":"https:\/\/vincoflex.com\/carimbo-embalagem\/wp-json\/wp\/v2\/media\/5385"}],"wp:attachment":[{"href":"https:\/\/vincoflex.com\/carimbo-embalagem\/wp-json\/wp\/v2\/media?parent=5426"}],"wp:term":[{"taxonomy":"product_brand","embeddable":true,"href":"https:\/\/vincoflex.com\/carimbo-embalagem\/wp-json\/wp\/v2\/product_brand?post=5426"},{"taxonomy":"product_cat","embeddable":true,"href":"https:\/\/vincoflex.com\/carimbo-embalagem\/wp-json\/wp\/v2\/product_cat?post=5426"},{"taxonomy":"product_tag","embeddable":true,"href":"https:\/\/vincoflex.com\/carimbo-embalagem\/wp-json\/wp\/v2\/product_tag?post=5426"}],"curies":[{"name":"wp","href":"https:\/\/api.w.org\/{rel}","templated":true}]}}